{"id":2912,"date":"2025-05-20T14:41:40","date_gmt":"2025-05-20T14:41:40","guid":{"rendered":"https:\/\/nooritalk.com\/?page_id=2912"},"modified":"2025-05-20T15:00:27","modified_gmt":"2025-05-20T15:00:27","slug":"what-is-istikhara-how-to-perform-the-istikhara-prayer-and-dua","status":"publish","type":"page","link":"https:\/\/nooritalk.com\/index.php\/what-is-istikhara-how-to-perform-the-istikhara-prayer-and-dua","title":{"rendered":"What Is Istikh\u0101ra? How to Perform the Istikh\u0101ra Prayer and Dua"},"content":{"rendered":"\t\t<div data-elementor-type=\"wp-page\" data-elementor-id=\"2912\" class=\"elementor elementor-2912\" data-elementor-post-type=\"page\">\n\t\t\t\t<div class=\"elementor-element elementor-element-1e82a5b e-flex e-con-boxed e-con e-parent\" data-id=\"1e82a5b\" data-element_type=\"container\" data-settings=\"{&quot;ekit_has_onepagescroll_dot&quot;:&quot;yes&quot;}\">\n\t\t\t\t\t<div class=\"e-con-inner\">\n\t\t\t\t<div class=\"elementor-element elementor-element-a832688 elementor-widget elementor-widget-heading\" data-id=\"a832688\" data-element_type=\"widget\" data-settings=\"{&quot;ekit_we_effect_on&quot;:&quot;none&quot;}\" data-widget_type=\"heading.default\">\n\t\t\t\t<div class=\"elementor-widget-container\">\n\t\t\t\t\t<h2 class=\"elementor-heading-title elementor-size-default\"><a href=\"tel:9918969994\" target=\"_blank\">Call For Expert Istikhara<\/a><\/h2>\t\t\t\t<\/div>\n\t\t\t\t<\/div>\n\t\t\t\t\t<\/div>\n\t\t\t\t<\/div>\n\t\t<div class=\"elementor-element elementor-element-7c657a2a e-flex e-con-boxed e-con e-parent\" data-id=\"7c657a2a\" data-element_type=\"container\" data-settings=\"{&quot;ekit_has_onepagescroll_dot&quot;:&quot;yes&quot;}\">\n\t\t\t\t\t<div class=\"e-con-inner\">\n\t\t\t\t<div class=\"elementor-element elementor-element-75c7949d elementor-widget elementor-widget-text-editor\" data-id=\"75c7949d\" data-element_type=\"widget\" data-settings=\"{&quot;ekit_we_effect_on&quot;:&quot;none&quot;}\" data-widget_type=\"text-editor.default\">\n\t\t\t\t<div class=\"elementor-widget-container\">\n\t\t\t\t\t\t\t\t\t\n<h1 class=\"wp-block-heading\"><strong>What Is Istikh\u0101ra? How to Perform the Istikh\u0101ra Prayer and Du\u02bf\u0101\u02be<\/strong><\/h1>\n\n<h3 class=\"wp-block-heading\"><strong>\ud83c\udf1f Understanding Istikh\u0101ra<\/strong><\/h3>\n\n<p><strong>Istikh\u0101ra<\/strong> (Arabic: \u0627\u0633\u062a\u062e\u0627\u0631\u0629) translates to &#8220;seeking goodness.&#8221; It is a prayer performed by Muslims to seek guidance from Allah (SWT) when faced with a decision, especially when the right choice isn&#8217;t clear. This practice is rooted in the Sunnah of the Prophet Muhammad (peace be upon him) and serves as a means to seek Allah&#8217;s wisdom and blessings in making choices that align with one&#8217;s faith and well-being.<\/p>\n<hr class=\"wp-block-separator has-alpha-channel-opacity\" \/>\n<h3 class=\"wp-block-heading\"><strong>\ud83d\udee4\ufe0f The Three-Step Decision-Making Process<\/strong><\/h3>\n\n<p>Before performing Istikh\u0101ra, it&#8217;s recommended to follow a structured approach:<\/p>\n\n<ol class=\"wp-block-list\">\n<li><strong>Preparation<\/strong>: Use personal judgment and research to understand the situation.<\/li>\n\n<li><strong>Istish\u0101ra (Consultation)<\/strong>: Seek advice from knowledgeable and experienced individuals.<\/li>\n\n<li><strong>Istikh\u0101ra (Seeking Goodness)<\/strong>: After due diligence, perform Istikh\u0101ra to seek Allah&#8217;s guidance.<\/li>\n<\/ol>\n<hr class=\"wp-block-separator has-alpha-channel-opacity\" \/>\n<h3 class=\"wp-block-heading\"><strong>\ud83d\udd4b How to Perform Salat al-Istikh\u0101ra<\/strong><\/h3>\n\n<p><strong>Prerequisites<\/strong>:<\/p>\n\n<ul class=\"wp-block-list\">\n<li>Perform ablution (wudu) as you would for any prayer.<\/li>\n\n<li>No special conditions or times are required; it can be performed at any time, excluding prohibited times for prayer.<\/li>\n<\/ul>\n\n<p><strong>Steps<\/strong>:<\/p>\n\n<ol class=\"wp-block-list\">\n<li><strong>Intention (Niyyah)<\/strong>: Make a sincere intention to seek Allah&#8217;s guidance.<\/li>\n\n<li><strong>Two Rak\u02bf\u0101t Prayer<\/strong>: Perform two units of voluntary prayer (nafl). After Surah Al-F\u0101ti\u1e25ah, you may recite any other Surah.<\/li>\n\n<li><strong>Du\u02bf\u0101\u02be al-Istikh\u0101ra<\/strong>: After completing the prayer, recite the specific supplication taught by the Prophet \ufdfa.<\/li>\n<\/ol>\n<hr class=\"wp-block-separator has-alpha-channel-opacity\" \/>\n<h3 class=\"wp-block-heading\"><strong>\ud83e\udd32 Du\u02bf\u0101\u02be al-Istikh\u0101ra (Supplication)<\/strong><\/h3>\n\n<p><strong>Arabic Text<\/strong>:<\/p>\n\n<p><strong><em>Du\u02bf\u0101\u02be al-Istikh\u0101ra\u00a0<\/em><\/strong><\/p>\n\n<p><em>\u0627\u0644\u0644\u064e\u0651\u0647\u064f\u0645\u064e\u0651 \u0625\u0650\u0646\u0650\u0651\u064a \u0623\u064e\u0633\u0652\u062a\u064e\u062e\u0650\u064a\u0631\u064f\u0643\u064e \u0628\u0650\u0639\u0650\u0644\u0652\u0645\u0650\u0643\u064e \u0648\u064e\u0623\u064e\u0633\u0652\u062a\u064e\u0642\u0652\u062f\u0650\u0631\u064f\u0643\u064e \u0628\u0650\u0642\u064f\u062f\u0652\u0631\u064e\u062a\u0650\u0643\u064e\u060c \u0648\u064e\u0623\u064e\u0633\u0652\u0623\u064e\u0644\u064f\u0643\u064e \u0645\u0650\u0646\u0652 \u0641\u064e\u0636\u0652\u0644\u0650\u0643\u064e \u0627\u0644\u0652\u0639\u064e\u0638\u0650\u064a\u0645\u0650\u060c \u0641\u064e\u0625\u0650\u0646\u064e\u0651\u0643\u064e \u062a\u064e\u0642\u0652\u062f\u0650\u0631\u064f \u0648\u064e\u0644\u0627\u064e \u0623\u064e\u0642\u0652\u062f\u0650\u0631\u064f \u0648\u064e\u062a\u064e\u0639\u0652\u0644\u064e\u0645\u064f \u0648\u064e\u0644\u0627\u064e \u0623\u064e\u0639\u0652\u0644\u064e\u0645\u064f \u0648\u064e\u0623\u064e\u0646\u0652\u062a\u064e \u0639\u064e\u0644\u0627\u064e\u0651\u0645\u064f \u0627\u0644\u0652\u063a\u064f\u064a\u064f\u0648\u0628\u0650\u060c \u0627\u0644\u0644\u064e\u0651\u0647\u064f\u0645\u064e\u0651 \u0625\u0650\u0646\u0652 \u0643\u064f\u0646\u0652\u062a\u064e \u062a\u064e\u0639\u0652\u0644\u064e\u0645\u064f \u0623\u064e\u0646\u064e\u0651 \u0647\u064e\u0630\u064e\u0627 \u0627\u0644\u0623\u064e\u0645\u0652\u0631\u064e \u202d[mention decision here]\u202c \u062e\u064e\u064a\u0652\u0631\u064c \u0644\u0650\u064a \u0641\u0650\u064a \u062f\u0650\u064a\u0646\u0650\u064a \u0648\u064e\u0645\u064e\u0639\u064e\u0627\u0634\u0650\u064a \u0648\u064e\u0639\u064e\u0627\u0642\u0650\u0628\u064e\u0629\u0650 \u0623\u064e\u0645\u0652\u0631\u0650\u064a \u0641\u064e\u0627\u0642\u0652\u062f\u064f\u0631\u0652\u0647\u064f \u0644\u0650\u064a \u0648\u064e\u064a\u064e\u0633\u0650\u0651\u0631\u0652\u0647\u064f \u0644\u0650\u064a \u062b\u064f\u0645\u064e\u0651 \u0628\u064e\u0627\u0631\u0650\u0643\u0652 \u0644\u0650\u064a \u0641\u0650\u064a\u0647\u0650\u060c \u0648\u064e\u0625\u0650\u0646\u0652 \u0643\u064f\u0646\u0652\u062a\u064e \u062a\u064e\u0639\u0652\u0644\u064e\u0645\u064f \u0623\u064e\u0646\u064e\u0651 \u0647\u064e\u0630\u064e\u0627 \u0627\u0644\u0623\u064e\u0645\u0652\u0631\u064e \u0634\u064e\u0631\u064c\u0651 \u0644\u0650\u064a \u0641\u0650\u064a \u062f\u0650\u064a\u0646\u0650\u064a \u0648\u064e\u0645\u064e\u0639\u064e\u0627\u0634\u0650\u064a \u0648\u064e\u0639\u064e\u0627\u0642\u0650\u0628\u064e\u0629\u0650 \u0623\u064e\u0645\u0652\u0631\u0650\u064a \u0641\u064e\u0627\u0635\u0652\u0631\u0650\u0641\u0652\u0647\u064f \u0639\u064e\u0646\u0650\u0651\u064a \u0648\u064e\u0627\u0635\u0652\u0631\u0650\u0641\u0652\u0646\u0650\u064a \u0639\u064e\u0646\u0652\u0647\u064f\u060c \u0648\u064e\u0627\u0642\u0652\u062f\u064f\u0631\u0652 \u0644\u0650\u064a \u0627\u0644\u0652\u062e\u064e\u064a\u0652\u0631\u064e \u062d\u064e\u064a\u0652\u062b\u064f \u0643\u064e\u0627\u0646\u064e \u062b\u064f\u0645\u064e\u0651 \u0623\u064e\u0631\u0652\u0636\u0650\u0646\u0650\u064a \u0628\u0650\u0647\u0650<\/em><\/p>\n\n<p><strong>Transliteration<\/strong>:<\/p>\n\n<p>All\u0101humma inn\u012b astakh\u012bruka bi\u02bfilmika wa astaqdiruka biqudratika, wa as\u02bealuka min fa\u1e0dlika (a)l-\u02bfa\u1e93\u012bm fainnaka taqdiru wal\u0101 aqdiru wa ta\u02bflamu wala a\u02bflamu wa anta \u02bfall\u0101mu (a)l-ghuy\u016bb. All\u0101humma, in kunta ta\u02bflamu anna hadha (a)l-amra [mention decision here] khayrun l\u012b f\u012b d\u012bn\u012b wa ma\u02bf\u0101sh\u012b wa\u02bf\u0101qibati amr\u012b faqdurhu l\u012b wa ya (a)s-sirhu l\u012b thumma barik l\u012b f\u012bhi. Wa in kunta ta\u02bflamu anna hadha (a)l-amra sharrun l\u012b f\u012b d\u012bn\u012b wa ma\u02bf\u0101sh\u012b wa \u02bf\u0101qibati amri fa\u1e63rifhu \u02bfann\u012b wa (a)\u1e63rifni \u02bfanhu waqdir l\u012b(ya) (a)l-khayra haythu k\u0101na thumma ar\u1e0d\u012bn\u012b bihi.<\/p>\n\n<p><strong>English Translation<\/strong>:<\/p>\n\n<p>&#8220;O Allah, I seek Your guidance by virtue of Your knowledge, and I seek ability by virtue of Your power, and I ask You from Your immense favor&#8230;&#8221;<\/p>\n<hr class=\"wp-block-separator has-alpha-channel-opacity\" \/>\n<h3 class=\"wp-block-heading\"><strong>\ud83c\udf20 After Performing Istikh\u0101ra<\/strong><\/h3>\n\n<ul class=\"wp-block-list\">\n<li><strong>No Expectation of Dreams<\/strong>: It&#8217;s a common misconception that Istikh\u0101ra results in dreams or visions. Instead, Allah may guide your heart towards a decision.<\/li>\n\n<li><strong>Trust in Allah&#8217;s Plan<\/strong>: Even if the outcome isn&#8217;t as anticipated, believe that Allah&#8217;s guidance leads to what&#8217;s best for you.<\/li>\n<\/ul>\n<hr class=\"wp-block-separator has-alpha-channel-opacity\" \/>\n<h3 class=\"wp-block-heading\"><strong>\ud83d\udccc Important Considerations<\/strong><\/h3>\n\n<ul class=\"wp-block-list\">\n<li><strong>Not for Forbidden Actions<\/strong>: Istikh\u0101ra should not be performed for decisions involving prohibited (\u1e25ar\u0101m) actions.<\/li>\n\n<li><strong>Repeat if Necessary<\/strong>: If uncertainty persists, you may repeat Istikh\u0101ra.<\/li>\n\n<li><strong>Inclusivity<\/strong>: If multiple people are affected by the decision, each should perform their own Istikh\u0101ra.<\/li>\n<\/ul>\n<hr class=\"wp-block-separator has-alpha-channel-opacity\" \/>\n<h3 class=\"wp-block-heading\"><strong>\u2753 Frequently Asked Questions<\/strong><\/h3>\n\n<p><strong>1. Can I perform Istikh\u0101ra for someone else?<\/strong><\/p>\n\n<p>It&#8217;s recommended that the individual facing the decision performs Istikh\u0101ra themselves.<\/p>\n\n<p><strong>2. What if I can&#8217;t read Arabic?<\/strong><\/p>\n\n<p>You can recite the du\u02bf\u0101\u02be in your native language or read the transliteration. Sincerity in seeking Allah&#8217;s guidance is paramount.<\/p>\n\n<p><strong>3. Is it necessary to perform the two rak\u02bf\u0101t before the du\u02bf\u0101\u02be?<\/strong><\/p>\n\n<p>While the two rak\u02bf\u0101t are recommended, if circumstances prevent you from praying, you may still recite the du\u02bf\u0101\u02be alone.<\/p>\n\n<p><strong>4. How many times can I perform Istikh\u0101ra for the same decision?<\/strong><\/p>\n\n<p>There is no set limit. You may perform it multiple times until you feel clarity or contentment regarding your decision.<\/p>\n\t\t\t\t\t\t\t\t<\/div>\n\t\t\t\t<\/div>\n\t\t\t\t\t<\/div>\n\t\t\t\t<\/div>\n\t\t\t\t<\/div>\n\t\t","protected":false},"excerpt":{"rendered":"<p>Call For Expert Istikhara What Is Istikh\u0101ra? How to Perform the Istikh\u0101ra Prayer and Du\u02bf\u0101\u02be \ud83c\udf1f Understanding Istikh\u0101ra Istikh\u0101ra (Arabic: \u0627\u0633\u062a\u062e\u0627\u0631\u0629) translates to &#8220;seeking goodness.&#8221; It is a prayer performed by Muslims to seek guidance from Allah (SWT) when faced with a decision, especially when the right choice isn&#8217;t clear. [&hellip;]<\/p>\n","protected":false},"author":3,"featured_media":0,"parent":0,"menu_order":0,"comment_status":"closed","ping_status":"closed","template":"","meta":{"om_disable_all_campaigns":false,"_monsterinsights_skip_tracking":false,"_monsterinsights_sitenote_active":false,"_monsterinsights_sitenote_note":"","_monsterinsights_sitenote_category":0,"footnotes":"","_links_to":"","_links_to_target":""},"class_list":["post-2912","page","type-page","status-publish","hentry"],"aioseo_notices":[],"jetpack_sharing_enabled":true,"_links":{"self":[{"href":"https:\/\/nooritalk.com\/index.php\/wp-json\/wp\/v2\/pages\/2912","targetHints":{"allow":["GET"]}}],"collection":[{"href":"https:\/\/nooritalk.com\/index.php\/wp-json\/wp\/v2\/pages"}],"about":[{"href":"https:\/\/nooritalk.com\/index.php\/wp-json\/wp\/v2\/types\/page"}],"author":[{"embeddable":true,"href":"https:\/\/nooritalk.com\/index.php\/wp-json\/wp\/v2\/users\/3"}],"replies":[{"embeddable":true,"href":"https:\/\/nooritalk.com\/index.php\/wp-json\/wp\/v2\/comments?post=2912"}],"version-history":[{"count":7,"href":"https:\/\/nooritalk.com\/index.php\/wp-json\/wp\/v2\/pages\/2912\/revisions"}],"predecessor-version":[{"id":2925,"href":"https:\/\/nooritalk.com\/index.php\/wp-json\/wp\/v2\/pages\/2912\/revisions\/2925"}],"wp:attachment":[{"href":"https:\/\/nooritalk.com\/index.php\/wp-json\/wp\/v2\/media?parent=2912"}],"curies":[{"name":"wp","href":"https:\/\/api.w.org\/{rel}","templated":true}]}}